{"id":14378,"date":"2023-05-03T12:38:31","date_gmt":"2023-05-03T10:38:31","guid":{"rendered":"https:\/\/ifoodbag.com\/?page_id=14378"},"modified":"2023-05-05T04:08:36","modified_gmt":"2023-05-05T02:08:36","slug":"transportlosningar","status":"publish","type":"page","link":"https:\/\/ifoodbag.com\/sv\/transportlosningar\/","title":{"rendered":"Transportl\u00f6sningar"},"content":{"rendered":"\n<div class=\"row\"  id=\"row-652696921\">\n\n\n\t<div id=\"col-1839919763\" class=\"col small-12 large-12\"  >\n\t\t\t\t<div class=\"col-inner\"  >\n\t\t\t\n\t\t\t\n\n\t<div id=\"text-2210371427\" class=\"text\">\n\t\t\n\n<h1>Transportl\u00f6sningar<\/h1>\n\n\t\t\n<style>\n#text-2210371427 {\n  font-size: 1.8rem;\n  text-align: center;\n}\n<\/style>\n\t<\/div>\n\t\n\t<div id=\"text-4278070607\" class=\"text\">\n\t\t\n\n<p>Lorem ipsum dolor sit amet, consectetuer adipiscing elit, sed diam nonummy nibh euismod tincidunt ut laoreet dolore magna aliquam erat volutpat.<\/p>\n\t\t\n<style>\n#text-4278070607 {\n  font-size: 1.4rem;\n  line-height: 1.6;\n  text-align: center;\n}\n<\/style>\n\t<\/div>\n\t\n<div class=\"is-divider divider clearfix\" style=\"max-width:100%;height:1px;background-color:rgb(160, 160, 160);\"><\/div>\n\n\n\t\t<\/div>\n\t\t\t\t\t<\/div>\n\n\t\n\n\n<style>\n#row-652696921 > .col > .col-inner {\n  padding: 31px 0px 0px 0px;\n}\n<\/style>\n<\/div>\n<div class=\"row align-middle\"  id=\"row-24722940\">\n\n\n\t<div id=\"col-1537533612\" class=\"col medium-6 small-12 large-6\"  >\n\t\t\t\t<div class=\"col-inner\"  >\n\t\t\t\n\t\t\t\n\n<h2>TRANSPORTL\u00d6SNINGAR<br \/><span class=\"thin-font\">Kylda transporter med alla fordon.<\/span><\/h2>\n<p><strong>Intakt kylkedja <\/strong>\u2013 alvobox\u00ae har en k\u00f6ld-sk\u00f6ld integrerad i locket. Att anv\u00e4nda en passiv kyll\u00f6sning skapar m\u00f6jligheten att anv\u00e4nda vanliga fordon och bilar \u00e4ven f\u00f6r kylda transporter. Man kan hitta nya aff\u00e4rsomr\u00e5den och f\u00e5 en h\u00f6gre nyttjandegrad av sin befintliga transportbilsflotta med ifoodbag\u00ae-systemet.<\/p>\n<p><strong>Vanliga fordon kan anv\u00e4ndas<\/strong> \u2013 En taxi, en vanlig personbil, en transportbil, en elektrisk lastbil eller till och med en cykel kan anv\u00e4ndas f\u00f6r kyltransporter med hj\u00e4lp av ifoodbag\u00ae-systemet.<\/p>\n\n\t\t<\/div>\n\t\t\t\t\t<\/div>\n\n\t\n\n\t<div id=\"col-1594116061\" class=\"col medium-6 small-12 large-6\"  >\n\t\t\t\t<div class=\"col-inner\"  >\n\t\t\t\n\t\t\t\n\n\n  <div class=\"banner has-hover\" id=\"banner-1741251437\">\n          <div class=\"banner-inner fill\">\n        <div class=\"banner-bg fill\" >\n            <img loading=\"lazy\" decoding=\"async\" width=\"570\" height=\"436\" src=\"https:\/\/ifoodbag.com\/wp-content\/uploads\/ifoodbag-transport-food-home-delivery-thermal-box-alvobox-termo-3S5A3228c-570x436.jpg\" class=\"bg attachment-medium size-medium\" alt=\"ifoodbag-transport-food-home delivery-thermal box-alvobox-termo-3S5A3228c\" \/>                                    \n                    <\/div>\n\t\t\n        <div class=\"banner-layers container\">\n            <div class=\"fill banner-link\"><\/div>            \n\n\n        <\/div>\n      <\/div>\n\n              <div class=\"height-fix is-invisible\"><img loading=\"lazy\" decoding=\"async\" width=\"570\" height=\"436\" src=\"https:\/\/ifoodbag.com\/wp-content\/uploads\/ifoodbag-transport-food-home-delivery-thermal-box-alvobox-termo-3S5A3228c-570x436.jpg\" class=\"attachment-medium size-medium\" alt=\"ifoodbag-transport-food-home delivery-thermal box-alvobox-termo-3S5A3228c\" srcset=\"https:\/\/ifoodbag.com\/wp-content\/uploads\/ifoodbag-transport-food-home-delivery-thermal-box-alvobox-termo-3S5A3228c-570x436.jpg 570w, https:\/\/ifoodbag.com\/wp-content\/uploads\/ifoodbag-transport-food-home-delivery-thermal-box-alvobox-termo-3S5A3228c-320x245.jpg 320w, https:\/\/ifoodbag.com\/wp-content\/uploads\/ifoodbag-transport-food-home-delivery-thermal-box-alvobox-termo-3S5A3228c-768x588.jpg 768w, https:\/\/ifoodbag.com\/wp-content\/uploads\/ifoodbag-transport-food-home-delivery-thermal-box-alvobox-termo-3S5A3228c.jpg 1142w\" sizes=\"(max-width: 570px) 100vw, 570px\" \/><\/div>\n            \n<style>\n#banner-1741251437 {\n  background-color: rgb(255,255,255);\n}\n<\/style>\n  <\/div>\n\n\n\n\t\t<\/div>\n\t\t\t\t\t<\/div>\n\n\t\n\n<\/div>\n<div class=\"row align-middle\"  id=\"row-1845367193\">\n\n\n\t<div id=\"col-1518669226\" class=\"col medium-6 small-12 large-6\"  >\n\t\t\t\t<div class=\"col-inner\"  >\n\t\t\t\n\t\t\t\n\n\n  <div class=\"banner has-hover\" id=\"banner-1993956399\">\n          <div class=\"banner-inner fill\">\n        <div class=\"banner-bg fill\" >\n            <img loading=\"lazy\" decoding=\"async\" width=\"570\" height=\"436\" src=\"https:\/\/ifoodbag.com\/wp-content\/uploads\/ifoodbag-transport-food-home-delivery-thermal-box-alvobox-termo-3s5a3204cr-570x436.jpg\" class=\"bg attachment-medium size-medium\" alt=\"ifoodbag-transport-food-home-delivery-thermal-box\" \/>                                    \n                    <\/div>\n\t\t\n        <div class=\"banner-layers container\">\n            <div class=\"fill banner-link\"><\/div>            \n\n\n        <\/div>\n      <\/div>\n\n              <div class=\"height-fix is-invisible\"><img loading=\"lazy\" decoding=\"async\" width=\"570\" height=\"436\" src=\"https:\/\/ifoodbag.com\/wp-content\/uploads\/ifoodbag-transport-food-home-delivery-thermal-box-alvobox-termo-3s5a3204cr-570x436.jpg\" class=\"attachment-medium size-medium\" alt=\"ifoodbag-transport-food-home-delivery-thermal-box\" srcset=\"https:\/\/ifoodbag.com\/wp-content\/uploads\/ifoodbag-transport-food-home-delivery-thermal-box-alvobox-termo-3s5a3204cr-570x436.jpg 570w, https:\/\/ifoodbag.com\/wp-content\/uploads\/ifoodbag-transport-food-home-delivery-thermal-box-alvobox-termo-3s5a3204cr-320x245.jpg 320w, https:\/\/ifoodbag.com\/wp-content\/uploads\/ifoodbag-transport-food-home-delivery-thermal-box-alvobox-termo-3s5a3204cr-768x588.jpg 768w, https:\/\/ifoodbag.com\/wp-content\/uploads\/ifoodbag-transport-food-home-delivery-thermal-box-alvobox-termo-3s5a3204cr.jpg 1142w\" sizes=\"(max-width: 570px) 100vw, 570px\" \/><\/div>\n            \n<style>\n#banner-1993956399 {\n  background-color: rgb(255,255,255);\n}\n<\/style>\n  <\/div>\n\n\n\n\t\t<\/div>\n\t\t\t\t\t<\/div>\n\n\t\n\n\t<div id=\"col-1146069509\" class=\"col medium-6 small-12 large-6\"  >\n\t\t\t\t<div class=\"col-inner\"  >\n\t\t\t\n\t\t\t\n\n<p><strong>Elbilar<\/strong> \u2013 Elbilar kan anv\u00e4ndas f\u00f6r att leverera matvaror med v\u00e5r alvobox\u00ae med passiv kyla. Det sparar batteri och tar dig l\u00e4ngre.<\/p>\n<p><strong>Blandtransporter<\/strong> \u2013 Med alvobox\u00ae som h\u00e5ller matvarorna kalla \u00e4r det l\u00e4ttare att optimera logistiken. Du kan samtransportera den kylda maten i en alvobox\u00ae tillsammans med annat gods och \u00e4ven anv\u00e4nda mindre fordon.<\/p>\n<a href=\"\/sv\/om-ifoodbag\/#contact\" class=\"button primary\"  >\n\t\t<span>Kontakta oss<\/span>\n\t<\/a>\n\n\n\n\t\t<\/div>\n\t\t\t\t\t<\/div>\n\n\t\n\n<\/div>\n\n","protected":false},"excerpt":{"rendered":"","protected":false},"author":9,"featured_media":0,"parent":0,"menu_order":0,"comment_status":"closed","ping_status":"closed","template":"page-blank.php","meta":{"footnotes":""},"class_list":["post-14378","page","type-page","status-publish","hentry"],"yoast_head":"<!-- This site is optimized with the Yoast SEO plugin v24.2 - https:\/\/yoast.com\/wordpress\/plugins\/seo\/ -->\n<title>Transportl\u00f6sningar - ifoodbag AB<\/title>\n<meta name=\"robots\" content=\"index, follow, max-snippet:-1, max-image-preview:large, max-video-preview:-1\" \/>\n<link rel=\"canonical\" href=\"https:\/\/ifoodbag.com\/sv\/transportlosningar\/\" \/>\n<meta property=\"og:locale\" content=\"sv_SE\" \/>\n<meta property=\"og:type\" content=\"article\" \/>\n<meta property=\"og:title\" content=\"Transportl\u00f6sningar - ifoodbag AB\" \/>\n<meta property=\"og:url\" content=\"https:\/\/ifoodbag.com\/sv\/transportlosningar\/\" \/>\n<meta property=\"og:site_name\" content=\"ifoodbag AB\" \/>\n<meta property=\"article:publisher\" content=\"https:\/\/www.facebook.com\/Ifoodbag\" \/>\n<meta property=\"article:modified_time\" content=\"2023-05-05T02:08:36+00:00\" \/>\n<meta property=\"og:image\" content=\"https:\/\/ifoodbag.com\/wp-content\/uploads\/ifoodbag-thermal-bag-termo-pouch-chilled-frozen-food-3s5a2320c-mob.jpg\" \/>\n\t<meta property=\"og:image:width\" content=\"997\" \/>\n\t<meta property=\"og:image:height\" content=\"500\" \/>\n\t<meta property=\"og:image:type\" content=\"image\/jpeg\" \/>\n<meta name=\"twitter:card\" content=\"summary_large_image\" \/>\n<meta name=\"twitter:site\" content=\"@ifoodbag\" \/>\n<script type=\"application\/ld+json\" class=\"yoast-schema-graph\">{\"@context\":\"https:\/\/schema.org\",\"@graph\":[{\"@type\":\"WebPage\",\"@id\":\"https:\/\/ifoodbag.com\/sv\/transportlosningar\/\",\"url\":\"https:\/\/ifoodbag.com\/sv\/transportlosningar\/\",\"name\":\"Transportl\u00f6sningar - ifoodbag AB\",\"isPartOf\":{\"@id\":\"https:\/\/ifoodbag.com\/#website\"},\"datePublished\":\"2023-05-03T10:38:31+00:00\",\"dateModified\":\"2023-05-05T02:08:36+00:00\",\"breadcrumb\":{\"@id\":\"https:\/\/ifoodbag.com\/sv\/transportlosningar\/#breadcrumb\"},\"inLanguage\":\"sv-SE\",\"potentialAction\":[{\"@type\":\"ReadAction\",\"target\":[\"https:\/\/ifoodbag.com\/sv\/transportlosningar\/\"]}]},{\"@type\":\"BreadcrumbList\",\"@id\":\"https:\/\/ifoodbag.com\/sv\/transportlosningar\/#breadcrumb\",\"itemListElement\":[{\"@type\":\"ListItem\",\"position\":1,\"name\":\"Home\",\"item\":\"https:\/\/ifoodbag.com\/sv\/\"},{\"@type\":\"ListItem\",\"position\":2,\"name\":\"Transportl\u00f6sningar\"}]},{\"@type\":\"WebSite\",\"@id\":\"https:\/\/ifoodbag.com\/#website\",\"url\":\"https:\/\/ifoodbag.com\/\",\"name\":\"ifoodbag AB\",\"description\":\"\",\"publisher\":{\"@id\":\"https:\/\/ifoodbag.com\/#organization\"},\"potentialAction\":[{\"@type\":\"SearchAction\",\"target\":{\"@type\":\"EntryPoint\",\"urlTemplate\":\"https:\/\/ifoodbag.com\/?s={search_term_string}\"},\"query-input\":{\"@type\":\"PropertyValueSpecification\",\"valueRequired\":true,\"valueName\":\"search_term_string\"}}],\"inLanguage\":\"sv-SE\"},{\"@type\":\"Organization\",\"@id\":\"https:\/\/ifoodbag.com\/#organization\",\"name\":\"ifoodbag AB\",\"url\":\"https:\/\/ifoodbag.com\/\",\"logo\":{\"@type\":\"ImageObject\",\"inLanguage\":\"sv-SE\",\"@id\":\"https:\/\/ifoodbag.com\/#\/schema\/logo\/image\/\",\"url\":\"https:\/\/ifoodbag.com\/wp-content\/uploads\/ifoodbag-logo-2019-dark.png\",\"contentUrl\":\"https:\/\/ifoodbag.com\/wp-content\/uploads\/ifoodbag-logo-2019-dark.png\",\"width\":200,\"height\":52,\"caption\":\"ifoodbag AB\"},\"image\":{\"@id\":\"https:\/\/ifoodbag.com\/#\/schema\/logo\/image\/\"},\"sameAs\":[\"https:\/\/www.facebook.com\/Ifoodbag\",\"https:\/\/x.com\/ifoodbag\"]}]}<\/script>\n<!-- \/ Yoast SEO plugin. -->","yoast_head_json":{"title":"Transportl\u00f6sningar - ifoodbag AB","robots":{"index":"index","follow":"follow","max-snippet":"max-snippet:-1","max-image-preview":"max-image-preview:large","max-video-preview":"max-video-preview:-1"},"canonical":"https:\/\/ifoodbag.com\/sv\/transportlosningar\/","og_locale":"sv_SE","og_type":"article","og_title":"Transportl\u00f6sningar - ifoodbag AB","og_url":"https:\/\/ifoodbag.com\/sv\/transportlosningar\/","og_site_name":"ifoodbag AB","article_publisher":"https:\/\/www.facebook.com\/Ifoodbag","article_modified_time":"2023-05-05T02:08:36+00:00","og_image":[{"width":997,"height":500,"url":"https:\/\/ifoodbag.com\/wp-content\/uploads\/ifoodbag-thermal-bag-termo-pouch-chilled-frozen-food-3s5a2320c-mob.jpg","type":"image\/jpeg"}],"twitter_card":"summary_large_image","twitter_site":"@ifoodbag","schema":{"@context":"https:\/\/schema.org","@graph":[{"@type":"WebPage","@id":"https:\/\/ifoodbag.com\/sv\/transportlosningar\/","url":"https:\/\/ifoodbag.com\/sv\/transportlosningar\/","name":"Transportl\u00f6sningar - ifoodbag AB","isPartOf":{"@id":"https:\/\/ifoodbag.com\/#website"},"datePublished":"2023-05-03T10:38:31+00:00","dateModified":"2023-05-05T02:08:36+00:00","breadcrumb":{"@id":"https:\/\/ifoodbag.com\/sv\/transportlosningar\/#breadcrumb"},"inLanguage":"sv-SE","potentialAction":[{"@type":"ReadAction","target":["https:\/\/ifoodbag.com\/sv\/transportlosningar\/"]}]},{"@type":"BreadcrumbList","@id":"https:\/\/ifoodbag.com\/sv\/transportlosningar\/#breadcrumb","itemListElement":[{"@type":"ListItem","position":1,"name":"Home","item":"https:\/\/ifoodbag.com\/sv\/"},{"@type":"ListItem","position":2,"name":"Transportl\u00f6sningar"}]},{"@type":"WebSite","@id":"https:\/\/ifoodbag.com\/#website","url":"https:\/\/ifoodbag.com\/","name":"ifoodbag AB","description":"","publisher":{"@id":"https:\/\/ifoodbag.com\/#organization"},"potentialAction":[{"@type":"SearchAction","target":{"@type":"EntryPoint","urlTemplate":"https:\/\/ifoodbag.com\/?s={search_term_string}"},"query-input":{"@type":"PropertyValueSpecification","valueRequired":true,"valueName":"search_term_string"}}],"inLanguage":"sv-SE"},{"@type":"Organization","@id":"https:\/\/ifoodbag.com\/#organization","name":"ifoodbag AB","url":"https:\/\/ifoodbag.com\/","logo":{"@type":"ImageObject","inLanguage":"sv-SE","@id":"https:\/\/ifoodbag.com\/#\/schema\/logo\/image\/","url":"https:\/\/ifoodbag.com\/wp-content\/uploads\/ifoodbag-logo-2019-dark.png","contentUrl":"https:\/\/ifoodbag.com\/wp-content\/uploads\/ifoodbag-logo-2019-dark.png","width":200,"height":52,"caption":"ifoodbag AB"},"image":{"@id":"https:\/\/ifoodbag.com\/#\/schema\/logo\/image\/"},"sameAs":["https:\/\/www.facebook.com\/Ifoodbag","https:\/\/x.com\/ifoodbag"]}]}},"_links":{"self":[{"href":"https:\/\/ifoodbag.com\/sv\/wp-json\/wp\/v2\/pages\/14378"}],"collection":[{"href":"https:\/\/ifoodbag.com\/sv\/wp-json\/wp\/v2\/pages"}],"about":[{"href":"https:\/\/ifoodbag.com\/sv\/wp-json\/wp\/v2\/types\/page"}],"author":[{"embeddable":true,"href":"https:\/\/ifoodbag.com\/sv\/wp-json\/wp\/v2\/users\/9"}],"replies":[{"embeddable":true,"href":"https:\/\/ifoodbag.com\/sv\/wp-json\/wp\/v2\/comments?post=14378"}],"version-history":[{"count":0,"href":"https:\/\/ifoodbag.com\/sv\/wp-json\/wp\/v2\/pages\/14378\/revisions"}],"wp:attachment":[{"href":"https:\/\/ifoodbag.com\/sv\/wp-json\/wp\/v2\/media?parent=14378"}],"curies":[{"name":"wp","href":"https:\/\/api.w.org\/{rel}","templated":true}]}}