{"id":14371,"date":"2023-05-03T12:14:28","date_gmt":"2023-05-03T10:14:28","guid":{"rendered":"https:\/\/ifoodbag.com\/?page_id=14371"},"modified":"2023-05-05T12:03:59","modified_gmt":"2023-05-05T10:03:59","slug":"butikslosningar","status":"publish","type":"page","link":"https:\/\/ifoodbag.com\/sv\/butikslosningar\/","title":{"rendered":"Butiksl\u00f6sningar"},"content":{"rendered":"\n<div class=\"row\"  id=\"row-791619436\">\n\n\n\t<div id=\"col-2027827577\" class=\"col small-12 large-12\"  >\n\t\t\t\t<div class=\"col-inner\"  >\n\t\t\t\n\t\t\t\n\n\t<div id=\"text-3021088842\" class=\"text\">\n\t\t\n\n<h1>Butikslosningar<\/h1>\n\n\t\t\n<style>\n#text-3021088842 {\n  font-size: 1.8rem;\n  text-align: center;\n}\n<\/style>\n\t<\/div>\n\t\n<div class=\"is-divider divider clearfix\" style=\"max-width:100%;height:1px;background-color:rgb(160, 160, 160);\"><\/div>\n\n\n\t\t<\/div>\n\t\t\t\t\t<\/div>\n\n\t\n\n\n<style>\n#row-791619436 > .col > .col-inner {\n  padding: 31px 0px 0px 0px;\n}\n<\/style>\n<\/div>\n<div class=\"row align-middle\"  id=\"row-103147210\">\n\n\n\t<div id=\"col-802537243\" class=\"col medium-6 small-12 large-6\"  >\n\t\t\t\t<div class=\"col-inner\"  >\n\t\t\t\n\t\t\t\n\n<h2>BUTIKSL\u00d6SNINGAR<br \/><span class=\"thin-font\">Butiksl\u00f6sningar f\u00f6r kyld och fryst mat; en termokasse i papper.<\/span><\/h2>\n<p><b>Intakt kylkedja <\/b>\u2013 Konsumenternas medvetenhet och f\u00f6rst\u00e5else f\u00f6r kylkedjan har \u00f6kat och olika termokassar finns nu att k\u00f6pa. ifoodbag\u00ae \u00f6vertr\u00e4ffar termokassar av plast eller aluminium och \u00e4r dessutom 100% pappersbaserad.<\/p>\n<p>Genom att erbjuda dina kunder en ifoodbag\u00ae kan de h\u00e5lla kylkedjan \u00e4nda fram till sina hem. Detta \u00e4r ett utm\u00e4rkt s\u00e4tt att skapa en positiv k\u00f6pupplevelse.<\/p>\n<p><strong>Milj\u00f6v\u00e4nlig <\/strong>\u2013 Din kund kan \u00e5teranv\u00e4nda kassen flera g\u00e5nger. N\u00e4r den s\u00e5 sm\u00e5ningom \u00e4r utsliten s\u00e5 \u00e5tervinner man den som papper.<\/p>\n\n\t\t<\/div>\n\t\t\t\t\t<\/div>\n\n\t\n\n\t<div id=\"col-2017414099\" class=\"col medium-6 small-12 large-6\"  >\n\t\t\t\t<div class=\"col-inner\"  >\n\t\t\t\n\t\t\t\n\n\n  <div class=\"banner has-hover\" id=\"banner-795396473\">\n          <div class=\"banner-inner fill\">\n        <div class=\"banner-bg fill\" >\n            <img loading=\"lazy\" decoding=\"async\" width=\"570\" height=\"436\" src=\"https:\/\/ifoodbag.com\/wp-content\/uploads\/ifoodbag-insulated-thermal-bag-termo-pouch-chilled-frozen-food-3S5A2631c-570x436.jpg\" class=\"bg attachment-medium size-medium\" alt=\"ifoodbag-insulated thermal bag-termo-pouch-chilled-frozen food-3S5A2631c\" \/>                                    \n                    <\/div>\n\t\t\n        <div class=\"banner-layers container\">\n            <div class=\"fill banner-link\"><\/div>            \n\n\n        <\/div>\n      <\/div>\n\n              <div class=\"height-fix is-invisible\"><img loading=\"lazy\" decoding=\"async\" width=\"570\" height=\"436\" src=\"https:\/\/ifoodbag.com\/wp-content\/uploads\/ifoodbag-insulated-thermal-bag-termo-pouch-chilled-frozen-food-3S5A2631c-570x436.jpg\" class=\"attachment-medium size-medium\" alt=\"ifoodbag-insulated thermal bag-termo-pouch-chilled-frozen food-3S5A2631c\" srcset=\"https:\/\/ifoodbag.com\/wp-content\/uploads\/ifoodbag-insulated-thermal-bag-termo-pouch-chilled-frozen-food-3S5A2631c-570x436.jpg 570w, https:\/\/ifoodbag.com\/wp-content\/uploads\/ifoodbag-insulated-thermal-bag-termo-pouch-chilled-frozen-food-3S5A2631c-320x245.jpg 320w, https:\/\/ifoodbag.com\/wp-content\/uploads\/ifoodbag-insulated-thermal-bag-termo-pouch-chilled-frozen-food-3S5A2631c-768x588.jpg 768w, https:\/\/ifoodbag.com\/wp-content\/uploads\/ifoodbag-insulated-thermal-bag-termo-pouch-chilled-frozen-food-3S5A2631c.jpg 1142w\" sizes=\"(max-width: 570px) 100vw, 570px\" \/><\/div>\n            \n<style>\n#banner-795396473 {\n  background-color: rgb(255,255,255);\n}\n<\/style>\n  <\/div>\n\n\n\n\t\t<\/div>\n\t\t\t\t\t<\/div>\n\n\t\n\n<\/div>\n<div class=\"row align-middle\"  id=\"row-343826560\">\n\n\n\t<div id=\"col-72819598\" class=\"col medium-6 small-12 large-6\"  >\n\t\t\t\t<div class=\"col-inner\"  >\n\t\t\t\n\t\t\t\n\n\n  <div class=\"banner has-hover\" id=\"banner-1951462637\">\n          <div class=\"banner-inner fill\">\n        <div class=\"banner-bg fill\" >\n            <img loading=\"lazy\" decoding=\"async\" width=\"570\" height=\"436\" src=\"https:\/\/ifoodbag.com\/wp-content\/uploads\/ifoodbag-thermal-bag-termo-pouch-chilled-frozen-food-alvobox-thermo-box-cooling-unit-3S5A2553c-570x436.jpg\" class=\"bg attachment-medium size-medium\" alt=\"Thermal box\" \/>                                    \n                    <\/div>\n\t\t\n        <div class=\"banner-layers container\">\n            <div class=\"fill banner-link\"><\/div>            \n\n\n        <\/div>\n      <\/div>\n\n              <div class=\"height-fix is-invisible\"><img loading=\"lazy\" decoding=\"async\" width=\"570\" height=\"436\" src=\"https:\/\/ifoodbag.com\/wp-content\/uploads\/ifoodbag-thermal-bag-termo-pouch-chilled-frozen-food-alvobox-thermo-box-cooling-unit-3S5A2553c-570x436.jpg\" class=\"attachment-medium size-medium\" alt=\"Thermal box\" srcset=\"https:\/\/ifoodbag.com\/wp-content\/uploads\/ifoodbag-thermal-bag-termo-pouch-chilled-frozen-food-alvobox-thermo-box-cooling-unit-3S5A2553c-570x436.jpg 570w, https:\/\/ifoodbag.com\/wp-content\/uploads\/ifoodbag-thermal-bag-termo-pouch-chilled-frozen-food-alvobox-thermo-box-cooling-unit-3S5A2553c-320x245.jpg 320w, https:\/\/ifoodbag.com\/wp-content\/uploads\/ifoodbag-thermal-bag-termo-pouch-chilled-frozen-food-alvobox-thermo-box-cooling-unit-3S5A2553c-768x588.jpg 768w, https:\/\/ifoodbag.com\/wp-content\/uploads\/ifoodbag-thermal-bag-termo-pouch-chilled-frozen-food-alvobox-thermo-box-cooling-unit-3S5A2553c.jpg 1142w\" sizes=\"(max-width: 570px) 100vw, 570px\" \/><\/div>\n            \n<style>\n#banner-1951462637 {\n  background-color: rgb(255,255,255);\n}\n<\/style>\n  <\/div>\n\n\n\n\t\t<\/div>\n\t\t\t\t\t<\/div>\n\n\t\n\n\t<div id=\"col-1527440959\" class=\"col medium-6 small-12 large-6\"  >\n\t\t\t\t<div class=\"col-inner\"  >\n\t\t\t\n\t\t\t\n\n<a href=\"\/sv\/ifoodbag\/\" class=\"button primary expand\"  >\n\t\t<span>Kassen<\/span>\n\t<\/a>\n\n\n\t<div id=\"gap-1127193754\" class=\"gap-element clearfix\" style=\"display:block; height:auto;\">\n\t\t\n<style>\n#gap-1127193754 {\n  padding-top: 10px;\n}\n<\/style>\n\t<\/div>\n\t\n\n<a href=\"\/sv\/alvobox\/\" class=\"button primary expand\"  >\n\t\t<span>L\u00e5dan<\/span>\n\t<\/a>\n\n\n\t<div id=\"gap-743131872\" class=\"gap-element clearfix\" style=\"display:block; height:auto;\">\n\t\t\n<style>\n#gap-743131872 {\n  padding-top: 10px;\n}\n<\/style>\n\t<\/div>\n\t\n\n<a href=\"\/sv\/passiv-kyla\/\" class=\"button primary expand\"  >\n\t\t<span>Passiv kyla<\/span>\n\t<\/a>\n\n\n\n\t\t<\/div>\n\t\t\t\t\t<\/div>\n\n\t\n\n<\/div>\n\n","protected":false},"excerpt":{"rendered":"","protected":false},"author":9,"featured_media":0,"parent":0,"menu_order":0,"comment_status":"closed","ping_status":"closed","template":"page-blank.php","meta":{"footnotes":""},"class_list":["post-14371","page","type-page","status-publish","hentry"],"yoast_head":"<!-- This site is optimized with the Yoast SEO plugin v24.2 - https:\/\/yoast.com\/wordpress\/plugins\/seo\/ -->\n<title>Butiksl\u00f6sningar - ifoodbag AB<\/title>\n<meta name=\"robots\" content=\"index, follow, max-snippet:-1, max-image-preview:large, max-video-preview:-1\" \/>\n<link rel=\"canonical\" href=\"https:\/\/ifoodbag.com\/sv\/butikslosningar\/\" \/>\n<meta property=\"og:locale\" content=\"sv_SE\" \/>\n<meta property=\"og:type\" content=\"article\" \/>\n<meta property=\"og:title\" content=\"Butiksl\u00f6sningar - ifoodbag AB\" \/>\n<meta property=\"og:url\" content=\"https:\/\/ifoodbag.com\/sv\/butikslosningar\/\" \/>\n<meta property=\"og:site_name\" content=\"ifoodbag AB\" \/>\n<meta property=\"article:publisher\" content=\"https:\/\/www.facebook.com\/Ifoodbag\" \/>\n<meta property=\"article:modified_time\" content=\"2023-05-05T10:03:59+00:00\" \/>\n<meta property=\"og:image\" content=\"https:\/\/ifoodbag.com\/wp-content\/uploads\/ifoodbag-thermal-bag-termo-pouch-chilled-frozen-food-3s5a2320c-mob.jpg\" \/>\n\t<meta property=\"og:image:width\" content=\"997\" \/>\n\t<meta property=\"og:image:height\" content=\"500\" \/>\n\t<meta property=\"og:image:type\" content=\"image\/jpeg\" \/>\n<meta name=\"twitter:card\" content=\"summary_large_image\" \/>\n<meta name=\"twitter:site\" content=\"@ifoodbag\" \/>\n<meta name=\"twitter:label1\" content=\"Ber\u00e4knad l\u00e4stid\" \/>\n\t<meta name=\"twitter:data1\" content=\"1 minut\" \/>\n<script type=\"application\/ld+json\" class=\"yoast-schema-graph\">{\"@context\":\"https:\/\/schema.org\",\"@graph\":[{\"@type\":\"WebPage\",\"@id\":\"https:\/\/ifoodbag.com\/sv\/butikslosningar\/\",\"url\":\"https:\/\/ifoodbag.com\/sv\/butikslosningar\/\",\"name\":\"Butiksl\u00f6sningar - ifoodbag AB\",\"isPartOf\":{\"@id\":\"https:\/\/ifoodbag.com\/#website\"},\"datePublished\":\"2023-05-03T10:14:28+00:00\",\"dateModified\":\"2023-05-05T10:03:59+00:00\",\"breadcrumb\":{\"@id\":\"https:\/\/ifoodbag.com\/sv\/butikslosningar\/#breadcrumb\"},\"inLanguage\":\"sv-SE\",\"potentialAction\":[{\"@type\":\"ReadAction\",\"target\":[\"https:\/\/ifoodbag.com\/sv\/butikslosningar\/\"]}]},{\"@type\":\"BreadcrumbList\",\"@id\":\"https:\/\/ifoodbag.com\/sv\/butikslosningar\/#breadcrumb\",\"itemListElement\":[{\"@type\":\"ListItem\",\"position\":1,\"name\":\"Home\",\"item\":\"https:\/\/ifoodbag.com\/sv\/\"},{\"@type\":\"ListItem\",\"position\":2,\"name\":\"Butiksl\u00f6sningar\"}]},{\"@type\":\"WebSite\",\"@id\":\"https:\/\/ifoodbag.com\/#website\",\"url\":\"https:\/\/ifoodbag.com\/\",\"name\":\"ifoodbag AB\",\"description\":\"\",\"publisher\":{\"@id\":\"https:\/\/ifoodbag.com\/#organization\"},\"potentialAction\":[{\"@type\":\"SearchAction\",\"target\":{\"@type\":\"EntryPoint\",\"urlTemplate\":\"https:\/\/ifoodbag.com\/?s={search_term_string}\"},\"query-input\":{\"@type\":\"PropertyValueSpecification\",\"valueRequired\":true,\"valueName\":\"search_term_string\"}}],\"inLanguage\":\"sv-SE\"},{\"@type\":\"Organization\",\"@id\":\"https:\/\/ifoodbag.com\/#organization\",\"name\":\"ifoodbag AB\",\"url\":\"https:\/\/ifoodbag.com\/\",\"logo\":{\"@type\":\"ImageObject\",\"inLanguage\":\"sv-SE\",\"@id\":\"https:\/\/ifoodbag.com\/#\/schema\/logo\/image\/\",\"url\":\"https:\/\/ifoodbag.com\/wp-content\/uploads\/ifoodbag-logo-2019-dark.png\",\"contentUrl\":\"https:\/\/ifoodbag.com\/wp-content\/uploads\/ifoodbag-logo-2019-dark.png\",\"width\":200,\"height\":52,\"caption\":\"ifoodbag AB\"},\"image\":{\"@id\":\"https:\/\/ifoodbag.com\/#\/schema\/logo\/image\/\"},\"sameAs\":[\"https:\/\/www.facebook.com\/Ifoodbag\",\"https:\/\/x.com\/ifoodbag\"]}]}<\/script>\n<!-- \/ Yoast SEO plugin. -->","yoast_head_json":{"title":"Butiksl\u00f6sningar - ifoodbag AB","robots":{"index":"index","follow":"follow","max-snippet":"max-snippet:-1","max-image-preview":"max-image-preview:large","max-video-preview":"max-video-preview:-1"},"canonical":"https:\/\/ifoodbag.com\/sv\/butikslosningar\/","og_locale":"sv_SE","og_type":"article","og_title":"Butiksl\u00f6sningar - ifoodbag AB","og_url":"https:\/\/ifoodbag.com\/sv\/butikslosningar\/","og_site_name":"ifoodbag AB","article_publisher":"https:\/\/www.facebook.com\/Ifoodbag","article_modified_time":"2023-05-05T10:03:59+00:00","og_image":[{"width":997,"height":500,"url":"https:\/\/ifoodbag.com\/wp-content\/uploads\/ifoodbag-thermal-bag-termo-pouch-chilled-frozen-food-3s5a2320c-mob.jpg","type":"image\/jpeg"}],"twitter_card":"summary_large_image","twitter_site":"@ifoodbag","twitter_misc":{"Ber\u00e4knad l\u00e4stid":"1 minut"},"schema":{"@context":"https:\/\/schema.org","@graph":[{"@type":"WebPage","@id":"https:\/\/ifoodbag.com\/sv\/butikslosningar\/","url":"https:\/\/ifoodbag.com\/sv\/butikslosningar\/","name":"Butiksl\u00f6sningar - ifoodbag AB","isPartOf":{"@id":"https:\/\/ifoodbag.com\/#website"},"datePublished":"2023-05-03T10:14:28+00:00","dateModified":"2023-05-05T10:03:59+00:00","breadcrumb":{"@id":"https:\/\/ifoodbag.com\/sv\/butikslosningar\/#breadcrumb"},"inLanguage":"sv-SE","potentialAction":[{"@type":"ReadAction","target":["https:\/\/ifoodbag.com\/sv\/butikslosningar\/"]}]},{"@type":"BreadcrumbList","@id":"https:\/\/ifoodbag.com\/sv\/butikslosningar\/#breadcrumb","itemListElement":[{"@type":"ListItem","position":1,"name":"Home","item":"https:\/\/ifoodbag.com\/sv\/"},{"@type":"ListItem","position":2,"name":"Butiksl\u00f6sningar"}]},{"@type":"WebSite","@id":"https:\/\/ifoodbag.com\/#website","url":"https:\/\/ifoodbag.com\/","name":"ifoodbag AB","description":"","publisher":{"@id":"https:\/\/ifoodbag.com\/#organization"},"potentialAction":[{"@type":"SearchAction","target":{"@type":"EntryPoint","urlTemplate":"https:\/\/ifoodbag.com\/?s={search_term_string}"},"query-input":{"@type":"PropertyValueSpecification","valueRequired":true,"valueName":"search_term_string"}}],"inLanguage":"sv-SE"},{"@type":"Organization","@id":"https:\/\/ifoodbag.com\/#organization","name":"ifoodbag AB","url":"https:\/\/ifoodbag.com\/","logo":{"@type":"ImageObject","inLanguage":"sv-SE","@id":"https:\/\/ifoodbag.com\/#\/schema\/logo\/image\/","url":"https:\/\/ifoodbag.com\/wp-content\/uploads\/ifoodbag-logo-2019-dark.png","contentUrl":"https:\/\/ifoodbag.com\/wp-content\/uploads\/ifoodbag-logo-2019-dark.png","width":200,"height":52,"caption":"ifoodbag AB"},"image":{"@id":"https:\/\/ifoodbag.com\/#\/schema\/logo\/image\/"},"sameAs":["https:\/\/www.facebook.com\/Ifoodbag","https:\/\/x.com\/ifoodbag"]}]}},"_links":{"self":[{"href":"https:\/\/ifoodbag.com\/sv\/wp-json\/wp\/v2\/pages\/14371"}],"collection":[{"href":"https:\/\/ifoodbag.com\/sv\/wp-json\/wp\/v2\/pages"}],"about":[{"href":"https:\/\/ifoodbag.com\/sv\/wp-json\/wp\/v2\/types\/page"}],"author":[{"embeddable":true,"href":"https:\/\/ifoodbag.com\/sv\/wp-json\/wp\/v2\/users\/9"}],"replies":[{"embeddable":true,"href":"https:\/\/ifoodbag.com\/sv\/wp-json\/wp\/v2\/comments?post=14371"}],"version-history":[{"count":0,"href":"https:\/\/ifoodbag.com\/sv\/wp-json\/wp\/v2\/pages\/14371\/revisions"}],"wp:attachment":[{"href":"https:\/\/ifoodbag.com\/sv\/wp-json\/wp\/v2\/media?parent=14371"}],"curies":[{"name":"wp","href":"https:\/\/api.w.org\/{rel}","templated":true}]}}