{"id":14362,"date":"2023-05-03T09:45:33","date_gmt":"2023-05-03T07:45:33","guid":{"rendered":"https:\/\/ifoodbag.com\/?page_id=14362"},"modified":"2024-06-12T09:51:50","modified_gmt":"2024-06-12T07:51:50","slug":"kontakta-oss","status":"publish","type":"page","link":"https:\/\/ifoodbag.com\/sv\/kontakta-oss\/","title":{"rendered":"Kontakta oss"},"content":{"rendered":"\n\n\t<section class=\"section\" id=\"section_75965125\">\n\t\t<div class=\"section-bg fill\" >\n\t\t\t<img loading=\"lazy\" decoding=\"async\" width=\"1280\" height=\"698\" src=\"https:\/\/ifoodbag.com\/wp-content\/uploads\/AdobeStock-291817108-wide.jpg\" class=\"bg attachment- size-\" alt=\"ifoodbag\" \/>\t\t\t\t\t\t\n\t\t\t\n\n\t\t<\/div>\n\n\t\t\n\n\t\t<div class=\"section-content relative\">\n\t\t\t\n\n<div class=\"row align-center\"  id=\"row-215637948\">\n\n\n\t<div id=\"col-1680272591\" class=\"col medium-10 small-12 large-10\"  >\n\t\t\t\t<div class=\"col-inner text-center\"  >\n\t\t\t\n\t\t\t\n\n\t<div id=\"text-1478980743\" class=\"text flarge\">\n\t\t\n\n<h1 class=\"fblack\" style=\"margin-bottom: .2em;\">KONTAKTA OSS<\/h1>\n<p class=\"fcond\">Vi ser fram emot att komma i kontakt med er<\/p>\n\t\t\t<\/div>\n\t\n<div class=\"row\"  id=\"row-919914983\">\n\n\n\t<div id=\"col-73785020\" class=\"col medium-4 small-12 large-4\"  >\n\t\t\t\t<div class=\"col-inner\"  >\n\t\t\t\n\t\t\t\n\n\t<div id=\"text-2650148591\" class=\"text\">\n\t\t\n\n<h4>E-post<\/h4>\n<p><a href=\"&#x6d;&#x61;&#x69;&#x6c;&#x74;&#x6f;&#x3a;&#x73;&#x61;&#x6c;&#x65;&#x73;&#x40;&#x69;&#x66;&#x6f;&#x6f;&#x64;&#x62;&#x61;&#x67;&#x2e;&#x73;&#x65;\">&#x69;&#x6e;&#x66;&#x6f;&#x40;&#x69;&#102;&#111;&#111;&#100;bag&#46;&#x73;&#x65;<\/a><\/p>\n\t\t\n<style>\n#text-2650148591 {\n  font-size: 1rem;\n  text-align: center;\n}\n<\/style>\n\t<\/div>\n\t\n\n\t\t<\/div>\n\t\t\t\t\t<\/div>\n\n\t\n\n\t<div id=\"col-295985195\" class=\"col medium-4 small-12 large-4\"  >\n\t\t\t\t<div class=\"col-inner\"  >\n\t\t\t\n\t\t\t\n\n\t<div id=\"text-663174234\" class=\"text\">\n\t\t\n\n<h4>Telefon<\/h4>\n<p> <a href=\"tel:+46-70-5858127\">+46 (0)70 585 81 27<\/a><\/p>\n\t\t\n<style>\n#text-663174234 {\n  font-size: 1rem;\n  text-align: center;\n}\n<\/style>\n\t<\/div>\n\t\n\n\t\t<\/div>\n\t\t\t\t\t<\/div>\n\n\t\n\n\t<div id=\"col-844148579\" class=\"col medium-4 small-12 large-4\"  >\n\t\t\t\t<div class=\"col-inner\"  >\n\t\t\t\n\t\t\t\n\n\t<div id=\"text-2375685534\" class=\"text\">\n\t\t\n\n<h4>Adress<\/h4>\n<p>Ifoodbag AB, c\/o No 18, <a target=\"_blank\" href=\"https:\/\/maps.app.goo.gl\/U5zdCvy3FPn5KKxA9\" rel=\"noopener\">Nybrokajen 7,<\/a><br \/>111 48 Stockholm<\/p>\n\t\t\n<style>\n#text-2375685534 {\n  font-size: 1rem;\n  text-align: center;\n}\n<\/style>\n\t<\/div>\n\t\n\n\t\t<\/div>\n\t\t\t\t\t<\/div>\n\n\t\n\n\n<style>\n#row-919914983 > .col > .col-inner {\n  padding: 15px 0px 0px 0px;\n}\n<\/style>\n<\/div>\n\n\t\t<\/div>\n\t\t\t\t\t<\/div>\n\n\t\n\n<\/div>\n\n\t\t<\/div>\n\n\t\t\n<style>\n#section_75965125 {\n  padding-top: 40px;\n  padding-bottom: 40px;\n  min-height: 300px;\n}\n<\/style>\n\t<\/section>\n\t\n\n\t<section class=\"section\" id=\"section_1858343449\">\n\t\t<div class=\"section-bg fill\" >\n\t\t\t<img loading=\"lazy\" decoding=\"async\" width=\"1280\" height=\"698\" src=\"https:\/\/ifoodbag.com\/wp-content\/uploads\/AdobeStock-291817108-wide.jpg\" class=\"bg attachment- size-\" alt=\"ifoodbag\" \/>\t\t\t\t\t\t\n\t\t\t\n\n\t\t<\/div>\n\n\t\t\n\n\t\t<div class=\"section-content relative\">\n\t\t\t\n\n<div class=\"row row-collapse align-center contactform\"  id=\"row-80344892\">\n\n\n\t<div id=\"col-471127153\" class=\"col medium-10 small-12 large-10\"  >\n\t\t\t\t<div class=\"col-inner\"  >\n\t\t\t\n\t\t\t\n\n\n<div class=\"wpcf7 no-js\" id=\"wpcf7-f3322-o1\" lang=\"sv-SE\" dir=\"ltr\" data-wpcf7-id=\"3322\">\n<div class=\"screen-reader-response\"><p role=\"status\" aria-live=\"polite\" aria-atomic=\"true\"><\/p> <ul><\/ul><\/div>\n<form action=\"\/sv\/wp-json\/wp\/v2\/pages\/14362#wpcf7-f3322-o1\" method=\"post\" class=\"wpcf7-form init\" aria-label=\"Kontaktformul\u00e4r\" novalidate=\"novalidate\" data-status=\"init\">\n<div style=\"display: none;\">\n<input type=\"hidden\" name=\"_wpcf7\" value=\"3322\" \/>\n<input type=\"hidden\" name=\"_wpcf7_version\" value=\"6.0.3\" \/>\n<input type=\"hidden\" name=\"_wpcf7_locale\" value=\"sv_SE\" \/>\n<input type=\"hidden\" name=\"_wpcf7_unit_tag\" value=\"wpcf7-f3322-o1\" \/>\n<input type=\"hidden\" name=\"_wpcf7_container_post\" value=\"0\" \/>\n<input type=\"hidden\" name=\"_wpcf7_posted_data_hash\" value=\"\" \/>\n<input type=\"hidden\" name=\"_wpcf7_recaptcha_response\" value=\"\" \/>\n<\/div>\n<table class=\"select\">\n\t<tr>\n\t\t<td>\n\t\t\t<h3>Kontakta oss om:\n\t\t\t<\/h3>\n\t\t<\/td>\n\t<\/tr>\n\t<tr>\n\t\t<td style=\"padding-top: 20px;\">\n\t\t\t<p><span class=\"wpcf7-form-control-wrap\" data-name=\"checkbox-home-deliveries\"><span class=\"wpcf7-form-control wpcf7-checkbox\"><span class=\"wpcf7-list-item first last\"><input type=\"checkbox\" name=\"checkbox-home-deliveries[]\" value=\"Hemleveranser av kyld och fryst mat\" \/><span class=\"wpcf7-list-item-label\">Hemleveranser av kyld och fryst mat<\/span><\/span><\/span><\/span>\n\t\t\t<\/p>\n\t\t<\/td>\n\t<\/tr>\n\t<tr>\n\t\t<td>\n\t\t\t<p><span class=\"wpcf7-form-control-wrap\" data-name=\"checkbox-unattended-home-deliveries\"><span class=\"wpcf7-form-control wpcf7-checkbox\"><span class=\"wpcf7-list-item first last\"><input type=\"checkbox\" name=\"checkbox-unattended-home-deliveries[]\" value=\"Utanf\u00f6r-d\u00f6rren-leveranser av kyld och fryst mat\" \/><span class=\"wpcf7-list-item-label\">Utanf\u00f6r-d\u00f6rren-leveranser av kyld och fryst mat<\/span><\/span><\/span><\/span>\n\t\t\t<\/p>\n\t\t<\/td>\n\t<\/tr>\n\t<tr>\n\t\t<td>\n\t\t\t<p><span class=\"wpcf7-form-control-wrap\" data-name=\"checkbox-click-collect\"><span class=\"wpcf7-form-control wpcf7-checkbox\"><span class=\"wpcf7-list-item first last\"><input type=\"checkbox\" name=\"checkbox-click-collect[]\" value=\"Click &amp; Collect-l\u00f6sningar f\u00f6r kyld och fryst mat\" \/><span class=\"wpcf7-list-item-label\">Click &amp; Collect-l\u00f6sningar f\u00f6r kyld och fryst mat<\/span><\/span><\/span><\/span>\n\t\t\t<\/p>\n\t\t<\/td>\n\t<\/tr>\n\t<tr>\n\t\t<td>\n\t\t\t<p><span class=\"wpcf7-form-control-wrap\" data-name=\"checkbox-in-store-solutions\"><span class=\"wpcf7-form-control wpcf7-checkbox\"><span class=\"wpcf7-list-item first last\"><input type=\"checkbox\" name=\"checkbox-in-store-solutions[]\" value=\"Butiksl\u00f6sningar f\u00f6r konsumentens transport av kyld och fryst mat\" \/><span class=\"wpcf7-list-item-label\">Butiksl\u00f6sningar f\u00f6r konsumentens transport av kyld och fryst mat<\/span><\/span><\/span><\/span>\n\t\t\t<\/p>\n\t\t<\/td>\n\t<\/tr>\n\t<tr>\n\t\t<td>\n\t\t\t<p><span class=\"wpcf7-form-control-wrap\" data-name=\"checkbox-courier-solutions\"><span class=\"wpcf7-form-control wpcf7-checkbox\"><span class=\"wpcf7-list-item first last\"><input type=\"checkbox\" name=\"checkbox-courier-solutions[]\" value=\"Transportl\u00f6sningar f\u00f6r kyltransport med alla fordon\" \/><span class=\"wpcf7-list-item-label\">Transportl\u00f6sningar f\u00f6r kyltransport med alla fordon<\/span><\/span><\/span><\/span>\n\t\t\t<\/p>\n\t\t<\/td>\n\t<\/tr>\n\t<tr>\n\t\t<td>\n\t\t\t<p><span class=\"wpcf7-form-control-wrap\" data-name=\"checkbox-pharmaceutical\"><span class=\"wpcf7-form-control wpcf7-checkbox\"><span class=\"wpcf7-list-item first last\"><input type=\"checkbox\" name=\"checkbox-pharmaceutical[]\" value=\"F\u00f6rpackningar f\u00f6r l\u00e4kemedel och prover\" \/><span class=\"wpcf7-list-item-label\">F\u00f6rpackningar f\u00f6r l\u00e4kemedel och prover<\/span><\/span><\/span><\/span>\n\t\t\t<\/p>\n\t\t<\/td>\n\t<\/tr>\n\t<tr>\n\t\t<td>\n\t\t\t<p><span class=\"wpcf7-form-control-wrap\" data-name=\"checkbox-other\"><span class=\"wpcf7-form-control wpcf7-checkbox\"><span class=\"wpcf7-list-item first last\"><input type=\"checkbox\" name=\"checkbox-other[]\" value=\"Annat, nedan\" \/><span class=\"wpcf7-list-item-label\">Annat, nedan<\/span><\/span><\/span><\/span>\n\t\t\t<\/p>\n\t\t<\/td>\n\t<\/tr>\n<\/table>\n<table class=\"contact-info\">\n\t<tr>\n\t\t<td colspan=\"2\">\n\t\t\t<h3>Kontaktuppgifter:\n\t\t\t<\/h3>\n\t\t<\/td>\n\t<\/tr>\n\t<tr>\n\t\t<td>\n\t\t\t<p>F\u00f6rnamn: *\n\t\t\t<\/p>\n\t\t<\/td>\n\t\t<td>\n\t\t\t<p><span class=\"wpcf7-form-control-wrap\" data-name=\"your-name\"><input size=\"40\" maxlength=\"400\" class=\"wpcf7-form-control wpcf7-text wpcf7-validates-as-required\" aria-required=\"true\" aria-invalid=\"false\" value=\"\" type=\"text\" name=\"your-name\" \/><\/span>\n\t\t\t<\/p>\n\t\t<\/td>\n\t<\/tr>\n\t<tr>\n\t\t<td>\n\t\t\t<p>Efternamn: *\n\t\t\t<\/p>\n\t\t<\/td>\n\t\t<td>\n\t\t\t<p><span class=\"wpcf7-form-control-wrap\" data-name=\"your-last-name\"><input size=\"40\" maxlength=\"400\" class=\"wpcf7-form-control wpcf7-text wpcf7-validates-as-required\" aria-required=\"true\" aria-invalid=\"false\" value=\"\" type=\"text\" name=\"your-last-name\" \/><\/span>\n\t\t\t<\/p>\n\t\t<\/td>\n\t<\/tr>\n\t<tr>\n\t\t<td>\n\t\t\t<p>F\u00f6retag:\n\t\t\t<\/p>\n\t\t<\/td>\n\t\t<td>\n\t\t\t<p><span class=\"wpcf7-form-control-wrap\" data-name=\"your-company\"><input size=\"40\" maxlength=\"400\" class=\"wpcf7-form-control wpcf7-text\" aria-invalid=\"false\" value=\"\" type=\"text\" name=\"your-company\" \/><\/span>\n\t\t\t<\/p>\n\t\t<\/td>\n\t<\/tr>\n\t<tr>\n\t\t<td>\n\t\t\t<p>Epost: *\n\t\t\t<\/p>\n\t\t<\/td>\n\t\t<td>\n\t\t\t<p><span class=\"wpcf7-form-control-wrap\" data-name=\"your-email\"><input size=\"40\" maxlength=\"400\" class=\"wpcf7-form-control wpcf7-email wpcf7-validates-as-required wpcf7-text wpcf7-validates-as-email\" aria-required=\"true\" aria-invalid=\"false\" value=\"\" type=\"email\" name=\"your-email\" \/><\/span><span id=\"wpcf7-69e765bb2099d-wrapper\" class=\"wpcf7-form-control-wrap hemsida-wrap\" ><label for=\"wpcf7-69e765bb2099d-field\" class=\"hp-message\">L\u00e4mna detta f\u00e4lt tomt.<\/label><input id=\"wpcf7-69e765bb2099d-field\"  class=\"wpcf7-form-control wpcf7-text\" type=\"text\" name=\"hemsida\" value=\"\" size=\"40\" tabindex=\"-1\" autocomplete=\"new-password\" \/><\/span>\n\t\t\t<\/p>\n\t\t<\/td>\n\t<\/tr>\n\t<tr>\n\t\t<td>\n\t\t\t<p>Telefon:\n\t\t\t<\/p>\n\t\t<\/td>\n\t\t<td>\n\t\t\t<p><span class=\"wpcf7-form-control-wrap\" data-name=\"your-tel\"><input size=\"40\" maxlength=\"400\" class=\"wpcf7-form-control wpcf7-tel wpcf7-text wpcf7-validates-as-tel\" aria-invalid=\"false\" value=\"\" type=\"tel\" name=\"your-tel\" \/><\/span>\n\t\t\t<\/p>\n\t\t<\/td>\n\t<\/tr>\n<\/table>\n<table class=\"message\">\n\t<tr>\n\t\t<td>\n\t\t\t<h3>Valfritt meddelande:\n\t\t\t<\/h3>\n\t\t\t<p><span class=\"wpcf7-form-control-wrap\" data-name=\"your-message\"><textarea cols=\"40\" rows=\"10\" maxlength=\"2000\" class=\"wpcf7-form-control wpcf7-textarea\" aria-invalid=\"false\" name=\"your-message\"><\/textarea><\/span>\n\t\t\t<\/p>\n\t\t<\/td>\n\t<\/tr>\n<\/table>\n<p><input class=\"wpcf7-form-control wpcf7-submit has-spinner\" type=\"submit\" value=\"Skicka\" \/>\n<\/p><div class=\"wpcf7-response-output\" aria-hidden=\"true\"><\/div>\n<\/form>\n<\/div>\n\n\n\t<div id=\"text-2082328612\" class=\"text\">\n\t\t\n\n<p>* Obligatoriska f\u00e4lt. Genom att trycka p\u00e5 &#8221;S\u00e4nd-knappen&#8221; accepterar jag att Ifoodbag AB kan lagra min kontaktinformation  \u2013 f\u00f6r att eventuellt kunna kontakta mig via telefon, nyhetsbrev eller e-mail, i enlighet med Ifoodbag ABs <a href=\"https:\/\/ifoodbag.com\/wp-content\/uploads\/integritetspolicy-swe.pdf\" target=\"_blank\" rel=\"noopener noreferrer\">Integritespolicy.<\/a><br> Jag kan alltid kontakta Ifoodbag AB f\u00f6r att ta bort min information.<\/p>\n\t\t\n<style>\n#text-2082328612 {\n  font-size: 0.9rem;\n}\n<\/style>\n\t<\/div>\n\t\n\n\t\t<\/div>\n\t\t\t\t\t<\/div>\n\n\t\n\n<\/div>\n\n\t\t<\/div>\n\n\t\t\n<style>\n#section_1858343449 {\n  padding-top: 40px;\n  padding-bottom: 40px;\n  min-height: 300px;\n}\n<\/style>\n\t<\/section>\n\t\n\t\t<div class=\"hidden\">\n\t\t\t\t\n\n<p><strong>Viktiga l&auml;nkar:<\/strong> <a href=\"https:\/\/ifoodbag.com\/sv\/\">Kyltransport<\/a> | <a href=\"https:\/\/ifoodbag.com\/sv\/ifoodbag\/\">Termokasse<\/a> | <a href=\"https:\/\/ifoodbag.com\/sv\/alvobox\/\">Termol&aring;da<\/a> | <a href=\"https:\/\/ifoodbag.com\/sv\/passiv-kyla\/\">Kylelement<\/a> | <a href=\"https:\/\/ifoodbag.com\/sv\/frysmatta\/\">Frysmat<\/a><\/p>\n\t\t<\/div>\n\t\n\n","protected":false},"excerpt":{"rendered":"","protected":false},"author":9,"featured_media":0,"parent":0,"menu_order":0,"comment_status":"closed","ping_status":"closed","template":"page-blank.php","meta":{"footnotes":""},"class_list":["post-14362","page","type-page","status-publish","hentry"],"yoast_head":"<!-- This site is optimized with the Yoast SEO plugin v24.2 - https:\/\/yoast.com\/wordpress\/plugins\/seo\/ -->\n<title>Kontakta oss - ifoodbag AB<\/title>\n<meta name=\"robots\" content=\"index, follow, max-snippet:-1, max-image-preview:large, max-video-preview:-1\" \/>\n<link rel=\"canonical\" href=\"https:\/\/ifoodbag.com\/sv\/kontakta-oss\/\" \/>\n<meta property=\"og:locale\" content=\"sv_SE\" \/>\n<meta property=\"og:type\" content=\"article\" \/>\n<meta property=\"og:title\" content=\"Kontakta oss - ifoodbag AB\" \/>\n<meta property=\"og:url\" content=\"https:\/\/ifoodbag.com\/sv\/kontakta-oss\/\" \/>\n<meta property=\"og:site_name\" content=\"ifoodbag AB\" \/>\n<meta property=\"article:publisher\" content=\"https:\/\/www.facebook.com\/Ifoodbag\" \/>\n<meta property=\"article:modified_time\" content=\"2024-06-12T07:51:50+00:00\" \/>\n<meta property=\"og:image\" content=\"https:\/\/ifoodbag.com\/wp-content\/uploads\/ifoodbag-thermal-bag-termo-pouch-chilled-frozen-food-3s5a2320c-mob.jpg\" \/>\n\t<meta property=\"og:image:width\" content=\"997\" \/>\n\t<meta property=\"og:image:height\" content=\"500\" \/>\n\t<meta property=\"og:image:type\" content=\"image\/jpeg\" \/>\n<meta name=\"twitter:card\" content=\"summary_large_image\" \/>\n<meta name=\"twitter:site\" content=\"@ifoodbag\" \/>\n<meta name=\"twitter:label1\" content=\"Ber\u00e4knad l\u00e4stid\" \/>\n\t<meta name=\"twitter:data1\" content=\"1 minut\" \/>\n<script type=\"application\/ld+json\" class=\"yoast-schema-graph\">{\"@context\":\"https:\/\/schema.org\",\"@graph\":[{\"@type\":\"WebPage\",\"@id\":\"https:\/\/ifoodbag.com\/sv\/kontakta-oss\/\",\"url\":\"https:\/\/ifoodbag.com\/sv\/kontakta-oss\/\",\"name\":\"Kontakta oss - ifoodbag AB\",\"isPartOf\":{\"@id\":\"https:\/\/ifoodbag.com\/#website\"},\"datePublished\":\"2023-05-03T07:45:33+00:00\",\"dateModified\":\"2024-06-12T07:51:50+00:00\",\"breadcrumb\":{\"@id\":\"https:\/\/ifoodbag.com\/sv\/kontakta-oss\/#breadcrumb\"},\"inLanguage\":\"sv-SE\",\"potentialAction\":[{\"@type\":\"ReadAction\",\"target\":[\"https:\/\/ifoodbag.com\/sv\/kontakta-oss\/\"]}]},{\"@type\":\"BreadcrumbList\",\"@id\":\"https:\/\/ifoodbag.com\/sv\/kontakta-oss\/#breadcrumb\",\"itemListElement\":[{\"@type\":\"ListItem\",\"position\":1,\"name\":\"Home\",\"item\":\"https:\/\/ifoodbag.com\/sv\/\"},{\"@type\":\"ListItem\",\"position\":2,\"name\":\"Kontakta oss\"}]},{\"@type\":\"WebSite\",\"@id\":\"https:\/\/ifoodbag.com\/#website\",\"url\":\"https:\/\/ifoodbag.com\/\",\"name\":\"ifoodbag AB\",\"description\":\"\",\"publisher\":{\"@id\":\"https:\/\/ifoodbag.com\/#organization\"},\"potentialAction\":[{\"@type\":\"SearchAction\",\"target\":{\"@type\":\"EntryPoint\",\"urlTemplate\":\"https:\/\/ifoodbag.com\/?s={search_term_string}\"},\"query-input\":{\"@type\":\"PropertyValueSpecification\",\"valueRequired\":true,\"valueName\":\"search_term_string\"}}],\"inLanguage\":\"sv-SE\"},{\"@type\":\"Organization\",\"@id\":\"https:\/\/ifoodbag.com\/#organization\",\"name\":\"ifoodbag AB\",\"url\":\"https:\/\/ifoodbag.com\/\",\"logo\":{\"@type\":\"ImageObject\",\"inLanguage\":\"sv-SE\",\"@id\":\"https:\/\/ifoodbag.com\/#\/schema\/logo\/image\/\",\"url\":\"https:\/\/ifoodbag.com\/wp-content\/uploads\/ifoodbag-logo-2019-dark.png\",\"contentUrl\":\"https:\/\/ifoodbag.com\/wp-content\/uploads\/ifoodbag-logo-2019-dark.png\",\"width\":200,\"height\":52,\"caption\":\"ifoodbag AB\"},\"image\":{\"@id\":\"https:\/\/ifoodbag.com\/#\/schema\/logo\/image\/\"},\"sameAs\":[\"https:\/\/www.facebook.com\/Ifoodbag\",\"https:\/\/x.com\/ifoodbag\"]}]}<\/script>\n<!-- \/ Yoast SEO plugin. -->","yoast_head_json":{"title":"Kontakta oss - ifoodbag AB","robots":{"index":"index","follow":"follow","max-snippet":"max-snippet:-1","max-image-preview":"max-image-preview:large","max-video-preview":"max-video-preview:-1"},"canonical":"https:\/\/ifoodbag.com\/sv\/kontakta-oss\/","og_locale":"sv_SE","og_type":"article","og_title":"Kontakta oss - ifoodbag AB","og_url":"https:\/\/ifoodbag.com\/sv\/kontakta-oss\/","og_site_name":"ifoodbag AB","article_publisher":"https:\/\/www.facebook.com\/Ifoodbag","article_modified_time":"2024-06-12T07:51:50+00:00","og_image":[{"width":997,"height":500,"url":"https:\/\/ifoodbag.com\/wp-content\/uploads\/ifoodbag-thermal-bag-termo-pouch-chilled-frozen-food-3s5a2320c-mob.jpg","type":"image\/jpeg"}],"twitter_card":"summary_large_image","twitter_site":"@ifoodbag","twitter_misc":{"Ber\u00e4knad l\u00e4stid":"1 minut"},"schema":{"@context":"https:\/\/schema.org","@graph":[{"@type":"WebPage","@id":"https:\/\/ifoodbag.com\/sv\/kontakta-oss\/","url":"https:\/\/ifoodbag.com\/sv\/kontakta-oss\/","name":"Kontakta oss - ifoodbag AB","isPartOf":{"@id":"https:\/\/ifoodbag.com\/#website"},"datePublished":"2023-05-03T07:45:33+00:00","dateModified":"2024-06-12T07:51:50+00:00","breadcrumb":{"@id":"https:\/\/ifoodbag.com\/sv\/kontakta-oss\/#breadcrumb"},"inLanguage":"sv-SE","potentialAction":[{"@type":"ReadAction","target":["https:\/\/ifoodbag.com\/sv\/kontakta-oss\/"]}]},{"@type":"BreadcrumbList","@id":"https:\/\/ifoodbag.com\/sv\/kontakta-oss\/#breadcrumb","itemListElement":[{"@type":"ListItem","position":1,"name":"Home","item":"https:\/\/ifoodbag.com\/sv\/"},{"@type":"ListItem","position":2,"name":"Kontakta oss"}]},{"@type":"WebSite","@id":"https:\/\/ifoodbag.com\/#website","url":"https:\/\/ifoodbag.com\/","name":"ifoodbag AB","description":"","publisher":{"@id":"https:\/\/ifoodbag.com\/#organization"},"potentialAction":[{"@type":"SearchAction","target":{"@type":"EntryPoint","urlTemplate":"https:\/\/ifoodbag.com\/?s={search_term_string}"},"query-input":{"@type":"PropertyValueSpecification","valueRequired":true,"valueName":"search_term_string"}}],"inLanguage":"sv-SE"},{"@type":"Organization","@id":"https:\/\/ifoodbag.com\/#organization","name":"ifoodbag AB","url":"https:\/\/ifoodbag.com\/","logo":{"@type":"ImageObject","inLanguage":"sv-SE","@id":"https:\/\/ifoodbag.com\/#\/schema\/logo\/image\/","url":"https:\/\/ifoodbag.com\/wp-content\/uploads\/ifoodbag-logo-2019-dark.png","contentUrl":"https:\/\/ifoodbag.com\/wp-content\/uploads\/ifoodbag-logo-2019-dark.png","width":200,"height":52,"caption":"ifoodbag AB"},"image":{"@id":"https:\/\/ifoodbag.com\/#\/schema\/logo\/image\/"},"sameAs":["https:\/\/www.facebook.com\/Ifoodbag","https:\/\/x.com\/ifoodbag"]}]}},"_links":{"self":[{"href":"https:\/\/ifoodbag.com\/sv\/wp-json\/wp\/v2\/pages\/14362"}],"collection":[{"href":"https:\/\/ifoodbag.com\/sv\/wp-json\/wp\/v2\/pages"}],"about":[{"href":"https:\/\/ifoodbag.com\/sv\/wp-json\/wp\/v2\/types\/page"}],"author":[{"embeddable":true,"href":"https:\/\/ifoodbag.com\/sv\/wp-json\/wp\/v2\/users\/9"}],"replies":[{"embeddable":true,"href":"https:\/\/ifoodbag.com\/sv\/wp-json\/wp\/v2\/comments?post=14362"}],"version-history":[{"count":0,"href":"https:\/\/ifoodbag.com\/sv\/wp-json\/wp\/v2\/pages\/14362\/revisions"}],"wp:attachment":[{"href":"https:\/\/ifoodbag.com\/sv\/wp-json\/wp\/v2\/media?parent=14362"}],"curies":[{"name":"wp","href":"https:\/\/api.w.org\/{rel}","templated":true}]}}